{"id":20,"date":"2022-12-01T14:42:07","date_gmt":"2022-12-01T13:42:07","guid":{"rendered":"https:\/\/callandor.es\/?page_id=20"},"modified":"2022-12-03T01:15:17","modified_gmt":"2022-12-03T00:15:17","slug":"inicio","status":"publish","type":"page","link":"https:\/\/callandor.es\/","title":{"rendered":"Inicio"},"content":{"rendered":"\n<h2 class=\"has-text-align-center has-text-color wp-block-heading\" style=\"color:#f7f445\">Gracias por tantos buenos momentos, Robert.<\/h2>\n\n\n\n<h2 class=\"has-text-align-center has-text-color wp-block-heading\" style=\"color:#f7f445\">Descansa en Paz<\/h2>\n\n\n\n<ul class=\"has-text-color\" style=\"color:#f99553\">\n<li><strong><mark style=\"background-color:rgba(0, 0, 0, 0)\" class=\"has-inline-color has-contrast-color\">Introducci\u00f3n:<\/mark><\/strong> Un Mud (<strong>M<\/strong>ulti-<strong>U<\/strong>ser&nbsp;<strong>D<\/strong>ungeon) es un mundo de fantas\u00eda de ambientaci\u00f3n variada, desarrollado en modo texto, en el que encarnas un personaje que desarrollas y mejoras adquiriendo una profesi\u00f3n, habilidades, e interactuando con otros jugadores dentro del juego. Callandor Mud es un mud basado en la Rueda del Tiempo de Robert Jordan, as\u00ed como en el juego de rol de dicha novela. Juego y Web accesibles para invidentes.<\/li>\n\n\n\n<li><strong><mark style=\"background-color:rgba(0, 0, 0, 0)\" class=\"has-inline-color has-contrast-color\">Reglas:<\/mark><\/strong> Esta es la lista de reglas, simples y faciles de aprender, que todo jugador debe conocer y seguir para el buen funcionamiento del mud y evitar problemas en la convivencia entre los jugadores.Si nunca has jugado a un mud, o quieres aprender c\u00f3mo empezar a jugar a Callandor Mud, aqu\u00ed encontrar\u00e1s instrucciones y consejos.<\/li>\n\n\n\n<li><strong><mark style=\"background-color:rgba(0, 0, 0, 0)\" class=\"has-inline-color has-contrast-color\">Personajes:<\/mark><\/strong> La secci\u00f3n contiene informaci\u00f3n sobre las clases b\u00e1sicas de personaje, las clases de prestigio, habilidades y tejidos que pueden tener nuestros personajes. Tambi\u00e9n se habla de los or\u00edgenes y rasgos especiales de los mismos.<\/li>\n\n\n\n<li><strong><mark style=\"background-color:rgba(0, 0, 0, 0)\" class=\"has-inline-color has-contrast-color\">Mundo:<\/mark><\/strong> En esta secci\u00f3n puedes encontrar mapamundis, los mapas de las ciudades locales e informaci\u00f3n de cada una de ellas. Adem\u00e1s, datos sobre los worldquest y los tomos de tejidos repartidos por el mapeado.<\/li>\n\n\n\n<li><strong><mark style=\"background-color:rgba(0, 0, 0, 0)\" class=\"has-inline-color has-contrast-color\">Asociaciones:<\/mark><\/strong> Contiene informaci\u00f3n sobre las distintas asociaciones vigentes actualmente. Algunas tienen un link a su p\u00e1gina si sus miembros la han hecho, donde te explican m\u00e1s extensamente su pol\u00edtica, enemigos o lo que ellos crean oportuno. Callandor Mud no se hace responsable de los contenidos de esas webs, pues son externas al juego.<\/li>\n\n\n\n<li><strong><mark style=\"background-color:rgba(0, 0, 0, 0)\" class=\"has-inline-color has-contrast-color\">Datos Online:<\/mark><\/strong> En esta secci\u00f3n puedes consultar los personajes actualmente conectados as\u00ed como los diferentes rankings del juego. La actualizaci\u00f3n de esta secci\u00f3n se hace cada cinco minutos de forma autom\u00e1tica.<\/li>\n\n\n\n<li><strong><mark style=\"background-color:rgba(0, 0, 0, 0)\" class=\"has-inline-color has-contrast-color\">Foro:<\/mark><\/strong> Enlace que abre, en una ventana nueva, el foro del juego. En el foro los jugadores hablan entre s\u00ed de aspectos del mud, se plantean y resuelven dudas, y se postean logs de interpretaci\u00f3n de roles.<\/li>\n\n\n\n<li><strong>Descargas:<\/strong> Archivos de inter\u00e9s, donde puedes encontrar desde programas cliente para jugar hasta los sonidos del mud.<\/li>\n\n\n\n<li><strong><mark style=\"background-color:rgba(0, 0, 0, 0)\" class=\"has-inline-color has-contrast-color\">Cr\u00e9ditos:<\/mark><\/strong> Agredecimientos varios a todas las personas implicadas en hacer el mud.<\/li>\n\n\n\n<li><strong><mark style=\"background-color:rgba(0, 0, 0, 0)\" class=\"has-inline-color has-contrast-color\">Enlaces:<\/mark><\/strong> Algunas p\u00e1ginas de interes sobre el juego y la Rueda del Tiempo.<\/li>\n<\/ul>\n","protected":false},"excerpt":{"rendered":"<p>Gracias por tantos buenos momentos, Robert. Descansa en Paz<\/p>\n","protected":false},"author":1,"featured_media":0,"parent":0,"menu_order":0,"comment_status":"closed","ping_status":"closed","template":"","meta":[],"_links":{"self":[{"href":"https:\/\/callandor.es\/index.php?rest_route=\/wp\/v2\/pages\/20"}],"collection":[{"href":"https:\/\/callandor.es\/index.php?rest_route=\/wp\/v2\/pages"}],"about":[{"href":"https:\/\/callandor.es\/index.php?rest_route=\/wp\/v2\/types\/page"}],"author":[{"embeddable":true,"href":"https:\/\/callandor.es\/index.php?rest_route=\/wp\/v2\/users\/1"}],"replies":[{"embeddable":true,"href":"https:\/\/callandor.es\/index.php?rest_route=%2Fwp%2Fv2%2Fcomments&post=20"}],"version-history":[{"count":12,"href":"https:\/\/callandor.es\/index.php?rest_route=\/wp\/v2\/pages\/20\/revisions"}],"predecessor-version":[{"id":283,"href":"https:\/\/callandor.es\/index.php?rest_route=\/wp\/v2\/pages\/20\/revisions\/283"}],"wp:attachment":[{"href":"https:\/\/callandor.es\/index.php?rest_route=%2Fwp%2Fv2%2Fmedia&parent=20"}],"curies":[{"name":"wp","href":"https:\/\/api.w.org\/{rel}","templated":true}]}}