{"id":658,"date":"2022-12-07T20:24:13","date_gmt":"2022-12-07T19:24:13","guid":{"rendered":"https:\/\/callandor.es\/?page_id=658"},"modified":"2023-01-14T17:53:36","modified_gmt":"2023-01-14T16:53:36","slug":"reglas","status":"publish","type":"page","link":"https:\/\/callandor.es\/?page_id=658","title":{"rendered":"Reglas"},"content":{"rendered":"<div class=\"wp-block-image\">\n<figure class=\"aligncenter size-full\"><img decoding=\"async\" loading=\"lazy\" width=\"735\" height=\"161\" src=\"https:\/\/callandor.es\/wp-content\/uploads\/2022\/12\/reglas.png\" alt=\"\" class=\"wp-image-661\" srcset=\"https:\/\/callandor.es\/wp-content\/uploads\/2022\/12\/reglas.png 735w, https:\/\/callandor.es\/wp-content\/uploads\/2022\/12\/reglas-300x66.png 300w\" sizes=\"(max-width: 735px) 100vw, 735px\" \/><\/figure><\/div>\n\n\n<p class=\"has-text-align-center has-text-color has-medium-font-size\" style=\"color:#fedb84\"><strong>Normas de Callandor Mud.<\/strong><\/p>\n\n\n\n<p class=\"has-text-color\" style=\"color:#5ee7f7\">\u00b7 En todo momento se respetar\u00e1 a los dem\u00e1s usuarios del Mud.<br>\u00b7 Cualquier falta de respeto que se detecte deber\u00e1 comunicarse a los Inmortales del mud que tomar\u00e1 medidas al respecto.<\/p>\n\n\n\n<p class=\"has-text-color\" style=\"color:#5ee7f7\">\u00b7 No se permiten insultos ni palabras malsonantes, ni agravios ni palabras malintencionadas de ning\u00fan tipo o condici\u00f3n.<\/p>\n\n\n\n<p class=\"has-text-color\" style=\"color:#5ee7f7\">\u00b7 No se permite la repetici\u00f3n de mensajes ni spam de ning\u00fan tipo.<\/p>\n\n\n\n<p class=\"has-text-color\" style=\"color:#5ee7f7\">\u00b7 No se permite la publicaci\u00f3n de material inadecuado(censurable) por ning\u00fan medio, canal o buz\u00f3n, ni la publicaci\u00f3n de enlaces externos al mud cuyo contenido pueda ser considerado como tal.<\/p>\n\n\n\n<p class=\"has-text-color\" style=\"color:#5ee7f7\">\u00b7 A la hora de escribir debe hacerse sin abreviaturas y utilizando un lenguaje lo m\u00e1s neutro y limpio posible, para que los usuarios de diferentes regiones no tengamos problemas para entendernos.<\/p>\n\n\n\n<p class=\"has-text-color\" style=\"color:#5ee7f7\">\u00b7 Debe darse un uso adecuado de los buzones y de los canales. Eso implica que si un canal es para rolear, no debe usarse para otros fines. Y que si un buz\u00f3n es para reportar errores, debe limitarse a ello. Si surgen m\u00e1s cosas que decir sobre el tema, es preferible mandar otra nota en el buz\u00f3n adecuado para ello. Tambi\u00e9n implica respetar en los buzones las anteriores normas mencionadas sobre el respeto, los insultos, el spam, los materiales inadecuados y la escritura. El uso adecuado de los buzones y los canales es de obligado conocimiento por parte de todos los usuarios del mud.<\/p>\n\n\n\n<p class=\"has-text-color\" style=\"color:#5ee7f7\">\u00b7 Si se detecta alg\u00fan fallo, bug, o mal funcionamiento del mud debe ser reportado de inmediato a los Inmortales.<br>No debe usarse bajo ning\u00fan concepto ning\u00fan comando ni habilidad ni tejido ni realizar ninguna acci\u00f3n de ning\u00fan tipo, que se sepa o se sospeche que desencadena un mal funcionamiento del mud, ni mucho menos aprovecharse de un fallo para beneficiar a nuestra ficha. Tampoco para beneficiar o perjudicar la ficha de cualquier otro jugador.<br>En caso de dudas sobre si algo es o no es un bug, tambi\u00e9n debe reportarse, y hay que abstenerse de realizar la acci\u00f3n que lo produzca hasta que la duda sea resuelta, es decir, hasta que los Inmortales den respuesta al reporte.<br>El c\u00f3digo del mud es complejo y cualquier fallo, por inofensivo e inocente que pueda parecer, es susceptible de desencadenar reacciones nocivas inesperadas que pueden afectar gravemente a todo el funcionamiento del mud. Debido a ello, infringir esta norma ser\u00e1 considerado un ataque deliberado a la estabilidad del mud y ser\u00e1 penalizado en consecuencia.<\/p>\n\n\n\n<p class=\"has-text-color\" style=\"color:#5ee7f7\">\u00b7 Es obligatorio leer atentamente la ayuda de cada comando, tejido o habilidad antes de usarlos por primera vez. En ellas se explica su funcionamiento y correcto modo de empleo. Si se detecta que alguna de las ayudas contiene informaci\u00f3n incorrecta o desactualizada, los Inmortales agradecer\u00e1n que se les notifique por el buz\u00f3n adecuado siendo posible y habitual que dicha colaboraci\u00f3n sea premiada \/ bonificada.<\/p>\n\n\n\n<p class=\"has-text-color\" style=\"color:#5ee7f7\">\u00b7 Est\u00e1 terminantemente prohibido vender, alquilar, regalar o prestar una ficha de personaje y cualquier otra acci\u00f3n que implique su uso por parte de alguien que no sea su usuario original.<\/p>\n\n\n\n<p class=\"has-text-color\" style=\"color:#5ee7f7\">\u00b7 Es muy importante atender y respetar cualquier indicaci\u00f3n que se reciba por parte de un Inmortal. Por ejemplo, si un Inmortal te pide que no uses un determinado comando, hay que abstenerse de usarlo. Es muy probable que se hayan detectado problemas puntuales relacionados con la realizaci\u00f3n de esa acci\u00f3n. Espera pacientemente hasta que se te indique que puedes volver a realizarla.<\/p>\n\n\n\n<p class=\"has-text-color\" style=\"color:#5ee7f7\">\u00b7 Los Inmortales tienen muchos asuntos que atender tanto dentro como fuera del mud y es obligatorio respetarlo. Atienden a muchas ocupaciones que no siempre son visibles para los jugadores. A menudo se puede pensar que no est\u00e1n haciendo nada cuando en realidad est\u00e1n trabando en sus m\u00faltiples tareas de gesti\u00f3n del Mud o atendiendo a otros jugadores. Si no te responden en el momento, el modo m\u00e1s pr\u00e1ctico de recibir una respuesta, es dejar una nota con tu consulta o petici\u00f3n. Hay que tener presente que un mensaje por cualquier canal se puede perder f\u00e1cilmente. No obstante, una nota resulta un m\u00e9todo m\u00e1s s\u00f3lido y permanente, que podr\u00e1 ser le\u00eddo por Inmortales que en ese momento no estuvieran en el mud y que seguramente puedan ayudarte. As\u00ed mismo resultar\u00e1 un m\u00e9todo m\u00e1s justificable y verificable, al que se podr\u00e1 recurrir si en alg\u00fan momento surge cualquier tipo de duda o reclamaci\u00f3n sobre el contenido de la consulta.<\/p>\n\n\n\n<p class=\"has-text-color\" style=\"color:#5ee7f7\">\u00b7 Los Inmortales no tienen ninguna obligaci\u00f3n de compensar ninguna p\u00e9rdida ocasionada por un mal funcionamiento del juego. No se lo pidas, pueden estar ocupados intentando solucionar el problema o con otros asuntos. En todo caso ser\u00e1n ellos los que se ofrecer\u00e1n a hacerlo si est\u00e1 en sus manos y lo consideran adecuado. En caso de que tengas un problema grave como una corrupci\u00f3n de la ficha que te impida jugar debidamente, limitate a informarlo mandando una nota al buz\u00f3n adecuado y aguarda pacientemente a que se manifiesten.<\/p>\n\n\n\n<p class=\"has-text-color\" style=\"color:#5ee7f7\">\u00b7 Callandor es un juego de rol y por consiguiente el rol debe ser respetado en todo momento. Ver ayuda rol.<\/p>\n\n\n\n<p class=\"has-text-color\" style=\"color:#5ee7f7\">\u00b7 No se permite el uso de nombres ilegales en el mud. Ver ayuda nombres.<\/p>\n\n\n\n<p class=\"has-text-color\" style=\"color:#5ee7f7\">\u00b7 No se permite el macreo desasistido en el mud. Ver ayuda macreo.<\/p>\n\n\n\n<p class=\"has-text-color\" style=\"color:#5ee7f7\">\u00b7 No se permite el multiplay en el mud. Ver ayuda multiplay.<\/p>\n\n\n\n<p class=\"has-text-color\" style=\"color:#5ee7f7\">\u00b7 No se permite matar a otros jugadores injustificadamente. Ver ayuda PK.<\/p>\n\n\n\n<p class=\"has-text-color\" style=\"color:#5ee7f7\">\u00b7 Si alg\u00fan jugador incumple cualquiera de las normas del mud, ser\u00e1 penalizado por los Inmortales del modo que se estime oportuno.<\/p>\n\n\n\n<p class=\"has-text-color\" style=\"color:#5ee7f7\">Todas las normas son de obligatorio conocimiento y cumplimiento por lo que el desconocimiento de las normas no es una excusa v\u00e1lida en ning\u00fan caso.<\/p>\n\n\n\n<p class=\"has-text-color\" style=\"color:#5ee7f7\">\u00b7 Las normas ser\u00e1n aplicadas siempre seg\u00fan los criterios de los Inmortales y su interpretaci\u00f3n de las mismas no tiene lugar a discusi\u00f3n.<\/p>\n\n\n\n<p class=\"has-text-color\" style=\"color:#5ee7f7\">\u00b7 Los Inmortales de Callandor Mud se reservan el derecho de alterar, modificar, cambiar o interpretar cualquiera de las normas cuando lo crean necesario y es el deber de los jugadores prestar atenci\u00f3n a cualquier anuncio que se realice a ese respecto.<br>En caso de aparente conflicto, la palabra de un Inmortal guarda siempre prioridad sobre las normas aqu\u00ed descritas.<\/p>\n\n\n\n<p class=\"has-text-color\" style=\"color:#5ee7f7\">Atentamente: Los Inmortales.<\/p>\n","protected":false},"excerpt":{"rendered":"<p>Normas de Callandor Mud. \u00b7 En todo momento se respetar\u00e1 a los dem\u00e1s usuarios del Mud.\u00b7 Cualquier falta de respeto que se detecte deber\u00e1 comunicarse a los Inmortales del mud que tomar\u00e1 medidas al respecto. \u00b7 No se permiten insultos ni palabras malsonantes, ni agravios ni palabras malintencionadas de ning\u00fan tipo o condici\u00f3n. \u00b7 No &#8230; <a title=\"Reglas\" class=\"read-more\" href=\"https:\/\/callandor.es\/?page_id=658\" aria-label=\"M\u00e1s en Reglas\">Leer m\u00e1s<\/a><\/p>\n","protected":false},"author":1,"featured_media":0,"parent":0,"menu_order":0,"comment_status":"closed","ping_status":"closed","template":"","meta":[],"_links":{"self":[{"href":"https:\/\/callandor.es\/index.php?rest_route=\/wp\/v2\/pages\/658"}],"collection":[{"href":"https:\/\/callandor.es\/index.php?rest_route=\/wp\/v2\/pages"}],"about":[{"href":"https:\/\/callandor.es\/index.php?rest_route=\/wp\/v2\/types\/page"}],"author":[{"embeddable":true,"href":"https:\/\/callandor.es\/index.php?rest_route=\/wp\/v2\/users\/1"}],"replies":[{"embeddable":true,"href":"https:\/\/callandor.es\/index.php?rest_route=%2Fwp%2Fv2%2Fcomments&post=658"}],"version-history":[{"count":14,"href":"https:\/\/callandor.es\/index.php?rest_route=\/wp\/v2\/pages\/658\/revisions"}],"predecessor-version":[{"id":1114,"href":"https:\/\/callandor.es\/index.php?rest_route=\/wp\/v2\/pages\/658\/revisions\/1114"}],"wp:attachment":[{"href":"https:\/\/callandor.es\/index.php?rest_route=%2Fwp%2Fv2%2Fmedia&parent=658"}],"curies":[{"name":"wp","href":"https:\/\/api.w.org\/{rel}","templated":true}]}}